{"id":55,"date":"2022-09-09T09:12:08","date_gmt":"2022-09-09T07:12:08","guid":{"rendered":"https:\/\/konkurranse.forfatterskolen.no\/?page_id=55"},"modified":"2022-09-19T12:18:57","modified_gmt":"2022-09-19T10:18:57","slug":"hjem","status":"publish","type":"page","link":"https:\/\/konkurranse.forfatterskolen.no\/","title":{"rendered":"hjem"},"content":{"rendered":"<p><a data-id-d=\"0\" data-img-style=\"width: 100%;\"><img decoding=\"async\" src=\"https:\/\/konkurranse.forfatterskolen.no\/wp-content\/uploads\/2022\/09\/Forfatterskolen-Logo-tagline.png\" height=\"424\" width=\"1000\" alt=\"\" style=\"width: 100%;\" loading=\"lazy\"><\/img><\/a><\/p>\n<h1 style=\"\">Forfatterskolens skrivekonkurranse!<\/h1>\n<p style=\"\">Tema: Jul<\/p>\n<h3 style=\"text-align: center;\"><!--StartFragment--><!--StartFragment-->Tema: Jul<!--EndFragment--><!--EndFragment--><\/h3>\n<p><span>O JUL MED DIN GLEDE, SYNGER VI I DESEMBER. ELLER er det VREDE vi mener?<\/span><\/p>\n<p><span>JULEN ER EN TID FOR N\u00c6RHET OG KJ\u00c6RLIGHET, MEN DEN ER OGS\u00c5 EN TID DER DET<\/span><\/p>\n<p><span>INDRE STRESSET N\u00c5R NYE H\u00d8YDER, \u00d8KONOMIEN PRESSES TIL BRISTEPUNKTET OG<\/span><\/p>\n<p><span>GJELDER IKKE DET SAMME OGS\u00c5 T\u00c5LMODIGHETEN?<\/span><\/p>\n<p><span>Vi vet ikke hvilken jul du ser for deg. Men hvis du vil vise, s\u00e5 er denne konkurransen for deg.&nbsp;<\/span><\/p>\n<p><span>Du er hjertelig Velkommen til \u00e5 sende inn ditt bidrag!<\/span><\/p>\n<p><span>De ti beste blir med i juleantologien vi utgir i 2023!<\/span><\/p>\n<h6><a href=\"https:\/\/www.forfatterskolen.no\/course\" target=\"_blank\" style=\"outline: none;\" rel=\"noopener\">Regler<\/a><\/h6>\n<p>Temaet m\u00e5 v\u00e6re jul. Prosa: max 4000 ord (tilsvarer ca. 11 sider). Poesi: 11 sider. Fristen er 14.12.2022. Teksten m\u00e5 ikke ha st\u00e5tt p\u00e5 trykk andre steder tidligere. Maks et bidrag per person.<\/p>\n<h6><a href=\"https:\/\/www.forfatterskolen.no\/shop-manuscript\" target=\"_blank\" style=\"outline: none;\" rel=\"noopener\">Frist<\/a><\/h6>\n<p>14.12.2022<\/p>\n<h6><a href=\"https:\/\/www.giutbok.no\/kontakt-oss?forfatterguide-2&amp;utm_term=gi%20ut%20bok&amp;utm_campaign=Giutbok1&amp;utm_source=adwords&amp;utm_medium=ppc&amp;hsa_acc=3866132064&amp;hsa_cam=1445676219&amp;hsa_grp=56151989197&amp;hsa_ad=519742559742&amp;hsa_src=g&amp;hsa_tgt=kwd-501792466752&amp;hsa_kw=gi%20ut%20bok&amp;hsa_mt=b&amp;hsa_net=adwords&amp;hsa_ver=3&amp;gclid=CjwKCAjw0dKXBhBPEiwA2bmObZ71GQtIfW2_lvVDYBU8sdK62o5q8hjk6KwqSlP0tEbzLh9nbin_JhoCUzoQAvD_BwE\" target=\"_blank\" style=\"outline: none;\" rel=\"noopener\">Forlag\/Publisering<\/a><\/h6>\n<p>Denne juleboken blir publisert i 2023.&nbsp;<\/p>\n<h3 style=\"text-align: center;\">Du kan sende inn allerede n\u00e5!<\/h3>\n<p>Fristen er 14.12.2022. God skriving!<\/p>\n<h2 style=\"\">Vi gleder oss til \u00e5 lese din tekst!<\/h2>\n<p style=\"text-align: center;\">F\u00f8lge Forfatterskolen for skrivetips og inspirasjon:<\/p>\n<p><a href=\"https:\/\/www.facebook.com\/bliforfatter\/\" target=\"_blank\" rel=\"noopener\">                    <\/a><a href=\"https:\/\/www.instagram.com\/forfatterskolen_norge\" target=\"_blank\" rel=\"noopener\"><\/a><a href=\"https:\/\/www.youtube.com\/channel\/UCVHfkyzO5CByqlsoGPVvI4A\" target=\"_blank\" rel=\"noopener\"><\/a><\/p>\n<h3>Vi er her for deg!<\/h3>\n<p>Fremdeles usikker p\u00e5 hva du skal gj\u00f8re? Husk at du kan booke en prat med meg, n\u00e5 som helst, s\u00e5 skal jeg r\u00e5dgi deg som best jeg kan.&nbsp;<\/p>\n<p>Du kan enten kontakte med her, via e-post, eller rett og slett sl\u00e5 p\u00e5 tr\u00e5den: <a href=\"tel:411 23 555\">411 23 555<\/a>.<\/p>\n<p>Jeg har ikke telefonskrekk \ud83d\ude42<\/p>\n<p><span style=\"width: 100%;\"><img decoding=\"async\" alt=\"\" width=\"173\" height=\"173\" title=\"Kristine-)\" data-id=\"150\" src=\"https:\/\/konkurranse.forfatterskolen.no\/wp-content\/uploads\/2022\/09\/Kristine-.png\" style=\"\" ml-d=\"0\" data-width=\"173\" data-height=\"173\" data-init-width=\"600\" data-init-height=\"600\" loading=\"lazy\"><\/span><\/p>\n<h3 style=\"\">Forfatterskolen er landets st\u00f8rste skriveskole<\/h3>\n<p>1000+<\/p>\n<p>Elever<\/p>\n<p>100+<\/p>\n<p>Utgitte elever&nbsp;<\/p>\n<p>10+<\/p>\n<p>Profesjonelle redakt\u00f8rer<\/p>\n","protected":false},"excerpt":{"rendered":"<p>Forfatterskolens skrivekonkurranse! Tema: Jul Tema: Jul O JUL MED DIN GLEDE, SYNGER VI I DESEMBER. ELLER er det VREDE vi mener? JULEN ER EN TID FOR N\u00c6RHET OG KJ\u00c6RLIGHET, MEN DEN ER OGS\u00c5 EN TID DER DET INDRE STRESSET N\u00c5R NYE H\u00d8YDER, \u00d8KONOMIEN PRESSES TIL BRISTEPUNKTET OG GJELDER IKKE DET SAMME OGS\u00c5 T\u00c5LMODIGHETEN? Vi vet&hellip; <a class=\"more-link\" href=\"https:\/\/konkurranse.forfatterskolen.no\/\">Fortsett \u00e5 lese <span class=\"screen-reader-text\">hjem<\/span><\/a><\/p>\n","protected":false},"author":1,"featured_media":0,"parent":0,"menu_order":0,"comment_status":"closed","ping_status":"closed","template":"","meta":{"footnotes":""},"class_list":["post-55","page","type-page","status-publish","hentry","entry"],"_links":{"self":[{"href":"https:\/\/konkurranse.forfatterskolen.no\/index.php?rest_route=\/wp\/v2\/pages\/55","targetHints":{"allow":["GET"]}}],"collection":[{"href":"https:\/\/konkurranse.forfatterskolen.no\/index.php?rest_route=\/wp\/v2\/pages"}],"about":[{"href":"https:\/\/konkurranse.forfatterskolen.no\/index.php?rest_route=\/wp\/v2\/types\/page"}],"author":[{"embeddable":true,"href":"https:\/\/konkurranse.forfatterskolen.no\/index.php?rest_route=\/wp\/v2\/users\/1"}],"replies":[{"embeddable":true,"href":"https:\/\/konkurranse.forfatterskolen.no\/index.php?rest_route=%2Fwp%2Fv2%2Fcomments&post=55"}],"version-history":[{"count":27,"href":"https:\/\/konkurranse.forfatterskolen.no\/index.php?rest_route=\/wp\/v2\/pages\/55\/revisions"}],"predecessor-version":[{"id":117,"href":"https:\/\/konkurranse.forfatterskolen.no\/index.php?rest_route=\/wp\/v2\/pages\/55\/revisions\/117"}],"wp:attachment":[{"href":"https:\/\/konkurranse.forfatterskolen.no\/index.php?rest_route=%2Fwp%2Fv2%2Fmedia&parent=55"}],"curies":[{"name":"wp","href":"https:\/\/api.w.org\/{rel}","templated":true}]}}